{"id":4850,"date":"2025-11-10T18:36:59","date_gmt":"2025-11-10T16:36:59","guid":{"rendered":"https:\/\/www.azurs.net\/carnet\/?page_id=4850"},"modified":"2026-04-06T12:37:30","modified_gmt":"2026-04-06T10:37:30","slug":"parkinson-a-debut-precoce-une-vraie-vie-de-malade","status":"publish","type":"page","link":"https:\/\/www.azurs.net\/carnet\/parkinson-a-debut-precoce-une-vraie-vie-de-malade\/","title":{"rendered":"Parkinson \u00e0 d\u00e9but pr\u00e9coce : une vraie vie de malade !"},"content":{"rendered":"<p>Cette page concerne la maladie de Parkinson, dont je suis atteint. Elle donne des indications sur la mani\u00e8re dont je vis depuis que j&rsquo;ai re\u00e7u le diagnostic de cette pathologie, en 2012, principalement sous la forme de liens vers d&rsquo;autres ressources o\u00f9 l&rsquo;on parle de moi. Je crois que les personnes qui ont \u00e9t\u00e9 diagnostiqu\u00e9es r\u00e9cemment et leurs proches pourraient trouver ici mati\u00e8re \u00e0 mieux conna\u00eetre la maladie, du point de vue du patient. Si je pointe vers d&rsquo;autres ressources, c&rsquo;est plus par paresse que par vanit\u00e9.<\/p>\n<p>N&rsquo;h\u00e9sitez pas \u00e0 me contacter si vous avez des questions sur ce que je raconte de mon parcours de patient. Je serai tr\u00e8s heureux si je vous suis utile, comme d&rsquo;autres pages et d&rsquo;autres conversations avec des patients m&rsquo;ont \u00e9t\u00e9 utiles. C&rsquo;est \u00e0 peu pr\u00e8s le seul objectif de ces quelques lignes.<\/p>\n<h2>YOPD ?<\/h2>\n<p>Comme je l&rsquo;indique discr\u00e8tement dans la <a href=\"https:\/\/www.azurs.net\/carnet\/a-propos-de-ce-carnet\/\">description de ce carnet<\/a>, je souffre de la maladie de Parkinson.<\/p>\n<p>J&rsquo;ai re\u00e7u le diagnostic \u00e0 l&rsquo;\u00e2ge de 39 ans.<\/p>\n<p>Cela fait de moi un patient concern\u00e9 par la maladie de Parkinson \u00e0 d\u00e9but pr\u00e9coce (en anglais, on dit YOPD pour <em>Young Onset Parkinson&rsquo;s Disease<\/em>).<\/p>\n<h2>T\u00e9moigner, pourquoi, comment et pour qui ?<\/h2>\n<p>Au cours de la douzaine d&rsquo;ann\u00e9es qui me s\u00e9parent du diagnostic, j&rsquo;ai chang\u00e9, et mon rapport \u00e0 cette pathologie chronique (la maladie de Parkinson est \u00e0 ce jour incurable et elle est \u00e9volutive) a aussi \u00e9volu\u00e9. Dans les difficult\u00e9s que j&rsquo;ai travers\u00e9es, que je traverse encore et que je traverserai dans les ann\u00e9es qui viennent, j&rsquo;ai trouv\u00e9 dans la lecture de t\u00e9moignages de patients du r\u00e9confort, de l&rsquo;\u00e9nergie pour avancer avec ce boulet de James accroch\u00e9 \u00e0 mes basques et j&rsquo;ai lu, \u00e9cout\u00e9, regard\u00e9 ou rencontr\u00e9 de belles personnes. J&rsquo;ai la faiblesse de croire qu&rsquo;en partageant mon exp\u00e9rience de la maladie, pour ce qu&rsquo;elle implique au del\u00e0 des aspects m\u00e9dicaux (laissons le neurologue s&rsquo;occuper de ces questions, c&rsquo;est son boulot&#8230;), je peux peut-\u00eatre me rendre utile \u00e0 d&rsquo;autres, comme d&rsquo;autres se sont rendus utiles \u00e0 moi.<\/p>\n<h2>Parkinson : ce sont les autres qui en parlent (peut-\u00eatre) le mieux&#8230;<\/h2>\n<p>Si vous-m\u00eame ou un proche \u00eates concern\u00e9 par la maladie de Parkinson, que vous soyez un jeune malade ou une vieille branche tremblante, peut-\u00eatre aimerez-vous entendre ou lire les t\u00e9moignages que j&rsquo;ai laiss\u00e9s ici ou l\u00e0 depuis le jour d&rsquo;avril 2024 o\u00f9 j&rsquo;ai d\u00e9cid\u00e9 de sortir du placard et de dire ce que la condition de patient atteint par une maladie longue et pas rigolote signifiait pour moi. Je ne les ai pas \u00e9crits moi-m\u00eame, j&rsquo;ai laiss\u00e9 aux soins de mes interlocuteurs de raconter mon histoire de vie. Ce n&rsquo;est pas par orgueil ou par coquetterie, c&rsquo;est simplement un proc\u00e9d\u00e9 litt\u00e9raire qui me semblait \u00e0 cet instant-l\u00e0, convenir \u00e0 ce que je d\u00e9sirais montrer.<\/p>\n<p>Ces fragments composent un portrait de malade, et je serai ravi s&rsquo;il m&rsquo;est rapport\u00e9 qu&rsquo;un, dix ou 100 lecteurs (patients, aidants, simples curieux, etc.) y ont trouv\u00e9 leur bonheur&#8230;<\/p>\n<p>Vous pourriez ainsi aimer (je donne la liste dans l&rsquo;ordre chronologique de parution, picorez et papillonnez dedans comme il vous plaira) :<\/p>\n<ul>\n<li>lire sur le site Web de Charente Libre mon r\u00e9cit de vie <a href=\"https:\/\/www.charentelibre.fr\/charente\/a-angouleme-thomas-loury-51-ans-et-douze-ans-de-parkinson-il-raconte-sa-vie-chamboulee-19267333.php\">dans un portrait publi\u00e9 au d\u00e9but du mois d&rsquo;avril 2024 et regarder la vid\u00e9o r\u00e9alis\u00e9e \u00e0 cette occasion<\/a> ou <a href=\"https:\/\/www.azurs.net\/carnet\/wp-content\/uploads\/2025\/11\/202404-CHALBp.6.pdf\">lire une copie de l&rsquo;article tel que paru dans l&rsquo;\u00e9dition papier le m\u00eame jour<\/a>,<\/li>\n<li>\u00e9couter l&rsquo;<a href=\"https:\/\/www.azurs.net\/carnet\/2025\/03\/tour-de-table-rcf-cafe-jeunes-parkinson-en-charente\/\">\u00e9mission de RCF Charente dans laquelle je suis intervenu avec un autre patient \u00e0 d\u00e9but pr\u00e9coce au sujet de la proposition Caf\u00e9 Jeunes Parkinson<\/a>,<\/li>\n<li>lire l&rsquo;entretien que j&rsquo;ai accord\u00e9 \u00e0 l&rsquo;hebdomadaire La Vie, en avril 2025, <a href=\"https:\/\/www.azurs.net\/carnet\/wp-content\/uploads\/2025\/11\/pdf\u00b720250410\u00b7LMV_P\u00b758.pdf\">premi\u00e8re<\/a> et <a href=\"https:\/\/www.azurs.net\/carnet\/wp-content\/uploads\/2025\/11\/pdf\u00b720250410\u00b7LMV_p\u00b759.pdf\">deuxi\u00e8me<\/a> page,<\/li>\n<li>lire la <a href=\"https:\/\/www.nouvelobs.com\/societe\/20250411.OBS102602\/pesticides-et-maladie-de-parkinson-pour-que-cesse-la-loi-du-silence.html\">tribune que le Nouvel Obs a bien voulu publier sur son site Web en avril 2025<\/a>,<\/li>\n<li>lire la <a href=\"https:\/\/www.charentelibre.fr\/\/sante\/il-relie-parkinson-aux-pesticides-le-plaidoyer-d-un-malade-qui-vit-depuis-13-ans-avec-cet-hote-indesirable-23971090.php\">tribune que La Charente Libre (encore !) a publi\u00e9 en avril 2025,<\/a><\/li>\n<li>\u00e9couter l&rsquo;\u00e9pisode du podcast (balado) <a href=\"https:\/\/podcast.ausha.co\/parkinson-la-vie-en-mouvement\/\"><em>Parkinson, la vie en mouvement<\/em><\/a>, dans lequel j&rsquo;ai caus\u00e9 \u00e0 l&rsquo;amicale invitation de Julie : <a href=\"https:\/\/podcast.ausha.co\/parkinson-la-vie-en-mouvement\/episode-4-en-mouvement-avec-thomas-loury-partie-1-2\">premier<\/a> et <a href=\"https:\/\/podcast.ausha.co\/parkinson-la-vie-en-mouvement\/episode-5-en-mouvement-avec-thomas-loury-partie-2-2\">second<\/a> \u00e9pisode me concernant.<\/li>\n<\/ul>\n<p>D&rsquo;autres patients ont t\u00e9moign\u00e9 de leur parcours avec la malade de Parkinson et m\u00eame si la maladie se manifeste de fa\u00e7on diff\u00e9rente d&rsquo;une personne atteinte \u00e0 une autre, je me reconnais assez bien dans quelques t\u00e9moignages que j&rsquo;ai pu \u00e9couter ou lire. Je signale en particulier l&rsquo;\u00e9pisode du podcast Brise-Glace qui accueille Samantha. Ce qu&rsquo;elle explique avec beaucoup de sinc\u00e9rit\u00e9 rejoint certaines des \u00e9tapes sur le chemin que j&rsquo;ai moi-m\u00eame emprunt\u00e9 :\u00a0<a href=\"https:\/\/www.azurs.net\/carnet\/2025\/12\/brise-glace-samantha-et-son-histoire-avec-parkinson-a-debut-precoce\/\"> Brise-Glace : Samantha et son histoire avec Parkinson \u00e0 d\u00e9but pr\u00e9coce<\/a><\/p>\n<h2>Continuons les \u00e9changes&#8230;<\/h2>\n<h3>Produire un documentaire sonore feuilletonn\u00e9 en balado ?<\/h3>\n<p>Je n&rsquo;ai pas l&rsquo;intention d&rsquo;\u00e9crire un livre au sujet de mon parcours, comme le font parfois tr\u00e8s bien d&rsquo;autres jeunes patients. J&rsquo;aimerais r\u00e9aliser une s\u00e9rie de balados en quatre ou cinq \u00e9pisodes mais qui ne seraient pas exclusivement centr\u00e9es sur mon exp\u00e9rience. J&rsquo;ai commenc\u00e9 \u00e0 r\u00e9fl\u00e9chir \u00e0 la mani\u00e8re dont je pourrais r\u00e9diger le script de ce documentaire feuilletonn\u00e9.<\/p>\n<p>J&rsquo;aimerais m&rsquo;associer \u00e0 des patients qui appr\u00e9cient ce format et souhaiteraient cor\u00e9diger, coproduire, ou cor\u00e9aliser ce type de documentaire avec moi.<\/p>\n<p>Si vous avez des comp\u00e9tences en montage, illustration sonore, composition musicale, MAO, prise de son, etc, et si vous avez envie de participer, prenez contact !<\/p>\n<h4>Pour d\u00e9marrer : Parkinson : de vraies vies de malades !<\/h4>\n<p>En attendant, j&rsquo;ai commenc\u00e9 un tr\u00e8s modeste travail avec la mati\u00e8re sonore (un sujet qui me travaille depuis tr\u00e8s longtemps) sous la forme d&rsquo;un balado dans un format tr\u00e8s bref (au plus une dizaine de minutes par \u00e9pisode), et dans lequel j&rsquo;essaie de recueillir aupr\u00e8s d&rsquo;autres personnes concern\u00e9es des r\u00e9cits de diagnostic de la maladie de Parkinson.<\/p>\n<p>L&rsquo;annonce du diagnostic est, on s&rsquo;en doute, un moment o\u00f9 l&rsquo;\u00e9motion est tr\u00e8s pr\u00e9sente, et de ce que j&rsquo;entends d&rsquo;autres personnes ayant re\u00e7u ce m\u00eame diagnostic, le patient n&rsquo;y est pas toujours trait\u00e9 comme il s&rsquo;attend \u00e0 l&rsquo;\u00eatre. J&rsquo;ai trouv\u00e9 que poser, sans commentaire ou presque, ces r\u00e9cits dans un podcast changeait ma propre fa\u00e7on de regarder cette \u00e9tape qui est la porte d&rsquo;entr\u00e9e dans la maladie, et j&rsquo;ai eu envie de partager avec d&rsquo;autres cette d\u00e9couverte.<\/p>\n<p>Vous pouvez \u00e9couter ce podcast, qui continue tranquillement son chemin, et qui est h\u00e9berg\u00e9 sur un autre site Web :<\/p>\n<p><a href=\"https:\/\/gasteropod.fr\/@ParkiPod\">Parkinson : de vraies vies de malades !<\/a><\/p>\n<h3>Pour me contacter<\/h3>\n<p>Vous me verrez (souvent) tra\u00eener sur <a href=\"https:\/\/blabla-park.fr\/\">blabla-park.fr<\/a>, la plateforme mise \u00e0 disposition de la communaut\u00e9 des patients et de ceux qui les soutiennent par l&rsquo;<a href=\"https:\/\/www.franceparkinson.fr\/\">association France Parkinson<\/a> depuis le printemps 2025 (inscrivez-vous !).<\/p>\n<p>N&rsquo;h\u00e9sitez pas \u00e0 me contacter (pour interagir avec moi, suivez les <a href=\"https:\/\/www.azurs.net\/carnet\/a-propos-de-ce-carnet\/\">conseils au bas de la page de pr\u00e9sentation de ce carnet)<\/a> si vous souhaitez converser ou correspondre.<\/p>\n<p>Ne restez pas seul(e) avec la maladie.<\/p>\n","protected":false},"excerpt":{"rendered":"<p>Cette page concerne la maladie de Parkinson, dont je suis atteint. Elle donne des indications sur la mani\u00e8re dont je vis depuis que j&rsquo;ai re\u00e7u le diagnostic de cette pathologie, en 2012, principalement sous la forme de liens vers d&rsquo;autres ressources o\u00f9 l&rsquo;on parle de moi. Je crois que les personnes qui ont \u00e9t\u00e9 diagnostiqu\u00e9es &hellip; <a href=\"https:\/\/www.azurs.net\/carnet\/parkinson-a-debut-precoce-une-vraie-vie-de-malade\/\" class=\"more-link\">Continuer la lecture de <span class=\"screen-reader-text\">Parkinson \u00e0 d\u00e9but pr\u00e9coce : une vraie vie de malade !<\/span><\/a><\/p>\n","protected":false},"author":1,"featured_media":0,"parent":0,"menu_order":0,"comment_status":"closed","ping_status":"closed","template":"","meta":{"footnotes":""},"class_list":["post-4850","page","type-page","status-publish","hentry"],"_links":{"self":[{"href":"https:\/\/www.azurs.net\/carnet\/wp-json\/wp\/v2\/pages\/4850","targetHints":{"allow":["GET"]}}],"collection":[{"href":"https:\/\/www.azurs.net\/carnet\/wp-json\/wp\/v2\/pages"}],"about":[{"href":"https:\/\/www.azurs.net\/carnet\/wp-json\/wp\/v2\/types\/page"}],"author":[{"embeddable":true,"href":"https:\/\/www.azurs.net\/carnet\/wp-json\/wp\/v2\/users\/1"}],"replies":[{"embeddable":true,"href":"https:\/\/www.azurs.net\/carnet\/wp-json\/wp\/v2\/comments?post=4850"}],"version-history":[{"count":26,"href":"https:\/\/www.azurs.net\/carnet\/wp-json\/wp\/v2\/pages\/4850\/revisions"}],"predecessor-version":[{"id":6641,"href":"https:\/\/www.azurs.net\/carnet\/wp-json\/wp\/v2\/pages\/4850\/revisions\/6641"}],"wp:attachment":[{"href":"https:\/\/www.azurs.net\/carnet\/wp-json\/wp\/v2\/media?parent=4850"}],"curies":[{"name":"wp","href":"https:\/\/api.w.org\/{rel}","templated":true}]}}