{"id":4006,"date":"2025-03-14T14:32:32","date_gmt":"2025-03-14T14:32:32","guid":{"rendered":"https:\/\/cornegidouille.eu\/parkivari\/?page_id=78"},"modified":"2026-01-13T13:20:33","modified_gmt":"2026-01-13T12:20:33","slug":"a-propos-de-ce-carnet","status":"publish","type":"page","link":"https:\/\/www.azurs.net\/carnet\/a-propos-de-ce-carnet\/","title":{"rendered":"\u00c0 propos de ce carnet Web"},"content":{"rendered":"\r\n<p>\r\n\r\n<\/p>\r\n<p>Cette page donne des informations sur la personne qui publie sur ce site Web et explique comment prendre contact. Comme je suis cette personne et que je n&rsquo;ai pas l&rsquo;habitude de parler de moi \u00e0 la troisi\u00e8me personne du singulier, c&rsquo;est \u00e0 la premi\u00e8re personne que j&rsquo;ai choisi de la r\u00e9diger.<\/p>\r\n<h2>Qui suis-je ?<\/h2>\r\n<p>Je suis Thomas Loury, je suis n\u00e9 en 1972, j&rsquo;ai 53 ans.<\/p>\r\n<p>Je suis mari\u00e9 et p\u00e8re de quatre enfants qui sont n\u00e9s entre 2008 et 2016.<\/p>\r\n<p>Je vis \u00e0 Angoul\u00eame, en Charente.<\/p>\r\n<p>Je suis ing\u00e9nieur agronome.<\/p>\r\n\r\n\r\n\r\n<p>Aujourd&rsquo;hui, je suis ing\u00e9nieur des ponts, des eaux et des for\u00eats, c&rsquo;est \u00e0 dire entre autres fonctionnaire de l&rsquo;\u00c9tat.<\/p>\r\n<p>Je suis responsable d&rsquo;un service d\u00e9partemental de police de l&rsquo;eau. Mon activit\u00e9 professionnelle a \u00e0 voir avec, entre autres, la gestion de la ressource en eau, la protection des milieux aquatiques, la qualit\u00e9 de l&rsquo;eau, la pr\u00e9vention des pollutions diffuses et la chasse.<\/p>\r\n<p>Les contenus disponibles sur ce site Web sont des productions personnelles qui n&rsquo;engagent que moi. Ils ne sauraient \u00eatre consid\u00e9r\u00e9s comme refl\u00e9tant la posture de mon employeur qui est le minist\u00e8re en charge de l&rsquo;\u00e9cologie et de l&rsquo;environnement et envers lequel je suis tenu \u00e0 un devoir de r\u00e9serve et de loyaut\u00e9. Je ne suis pas un lanceur d&rsquo;alerte. Je ne suis pas un activiste. J&rsquo;ai parfois des id\u00e9es et je les exprime librement ici dans le respect de mes obligations professionnelles et des lois et r\u00e8glements.<\/p>\r\n<p><a href=\"https:\/\/www.azurs.net\/carnet\/thomas-loury-parcours-pro\/\">En savoir plus sur mon parcours professionnel.<\/a><\/p>\r\n<h2>Qu&rsquo;est-ce donc que ce site Web ?<\/h2>\r\n\r\n\r\n\r\n<p>Ce site Web \u00e9ph\u00e9m\u00e8re est un blog, ou peut-\u00eatre une page personnelle, comme on en faisait il y a quelques dizaines d&rsquo;ann\u00e9es. Il me sert de terrain de jeu ou de bac \u00e0 sable.<\/p>\r\n<p>C&rsquo;est mon carnet Web.<\/p>\r\n<p>Ces pages me permettent notamment de garder une trace de mes recherches et d\u00e9couvertes sur le Web et de les partager, et servent de support \u00e0 une tr\u00e8s humble revue de presse consacr\u00e9e \u00e0 la <a href=\"https:\/\/www.azurs.net\/carnet\/parkinson-a-debut-precoce-une-vraie-vie-de-malade\/\">maladie de Parkinson dont je suis atteint<\/a> (j&rsquo;ai re\u00e7u le diagnostic \u00e0 l&rsquo;\u00e2ge de 39 ans), r\u00e9dig\u00e9e pour moi et partag\u00e9e \u00e0 qui le voudra. C&rsquo;est l&rsquo;un de mes centres d&rsquo;int\u00e9r\u00eat, et pour cause !<\/p>\r\n<p>Mais j&rsquo;ai de nombreux autres centres d&rsquo;int\u00e9r\u00eat, qui seraient trop nombreux pour \u00eatre consign\u00e9s ici et viennent \u00e0 l&rsquo;occasion sur les pages de ce site Web rappeler \u00e0 tous qu&rsquo;il faut se m\u00e9fier des graphomanes (comme d&rsquo;ailleurs des p\u00e9tomanes, m\u00e9lomanes ou pas).<\/p>\r\n<h2>Comment interagir avec moi ?<\/h2>\r\n\r\n\r\n\r\n<p>Pour me contacter, merci :<\/p>\r\n<ul>\r\n<li>d&rsquo;utiliser le formulaire ci-dessous. Les commentaires que vous saisirez en renseignant le formulaire sur cette page ne seront pas publi\u00e9s. J&rsquo;en suis le seul et unique destinataire. Indiquez une adresse mail valide pour me permettre de vous r\u00e9pondre, si vous le souhaitez,<\/li>\r\n<li>\r\n<p>d&rsquo;utiliser <a href=\"https:\/\/getsession.org\/\">Session<\/a> pour les discussions en direct (messagerie instantan\u00e9e) en toute confidentialit\u00e9 et s\u00e9curit\u00e9. Session permet de communiquer sans adresse email et sans num\u00e9ro de mobile. Mon identifiant est :\u00a0<br \/>0528f607d2bf903b7d8c841b1057af07718ef4f0965fd06fee50cd7e2f75f22508<br \/>T\u00e9l\u00e9chargez l&rsquo;application sur <a href=\"https:\/\/getsession.org\/download\">https:\/\/getsession.org\/download<\/a><br \/>Session est disponible sur mobile\u00a0 (Android ou iPhone) et sur PC (Linux, Windows, iOS).<\/p>\r\n<\/li>\r\n<\/ul>\r\n<p>Je ne suis pas un fanatique des r\u00e9seaux sociaux, mais vous me croiserez occasionnellement sur <a href=\"https:\/\/bsky.app\/profile\/thomasloury.bsky.social\">Bluesky (thomasloury)<\/a>, <a href=\"https:\/\/mastodon.social\/@ThomasLoury\" rel=\"me\">Mastodon.social (ThomasLoury)<\/a>, <a href=\"https:\/\/piaille.fr\/@ThomasLoury\" rel=\"me\">Piaille.fr (ThomasLoury)<\/a> et <a href=\"https:\/\/www.instagram.com\/lourythomas\/\">Instagram (lourythomas).<\/a>.<\/p>\r\n\r\n<p>&nbsp;<\/p>","protected":false},"excerpt":{"rendered":"<p>Cette page donne des informations sur la personne qui publie sur ce site Web et explique comment prendre contact. Comme je suis cette personne et que je n&rsquo;ai pas l&rsquo;habitude de parler de moi \u00e0 la troisi\u00e8me personne du singulier, c&rsquo;est \u00e0 la premi\u00e8re personne que j&rsquo;ai choisi de la r\u00e9diger. Qui suis-je ? Je &hellip; <a href=\"https:\/\/www.azurs.net\/carnet\/a-propos-de-ce-carnet\/\" class=\"more-link\">Continuer la lecture de <span class=\"screen-reader-text\">\u00c0 propos de ce carnet Web<\/span><\/a><\/p>\n","protected":false},"author":1,"featured_media":0,"parent":0,"menu_order":0,"comment_status":"open","ping_status":"closed","template":"","meta":{"episode_type":"","audio_file":"","podmotor_file_id":"","podmotor_episode_id":"","cover_image":"","cover_image_id":"","duration":"","filesize":"","filesize_raw":"","date_recorded":"","explicit":"","block":"","itunes_episode_number":"","itunes_title":"","itunes_season_number":"","itunes_episode_type":"","footnotes":""},"class_list":["post-4006","page","type-page","status-publish","hentry"],"_links":{"self":[{"href":"https:\/\/www.azurs.net\/carnet\/wp-json\/wp\/v2\/pages\/4006","targetHints":{"allow":["GET"]}}],"collection":[{"href":"https:\/\/www.azurs.net\/carnet\/wp-json\/wp\/v2\/pages"}],"about":[{"href":"https:\/\/www.azurs.net\/carnet\/wp-json\/wp\/v2\/types\/page"}],"author":[{"embeddable":true,"href":"https:\/\/www.azurs.net\/carnet\/wp-json\/wp\/v2\/users\/1"}],"replies":[{"embeddable":true,"href":"https:\/\/www.azurs.net\/carnet\/wp-json\/wp\/v2\/comments?post=4006"}],"version-history":[{"count":33,"href":"https:\/\/www.azurs.net\/carnet\/wp-json\/wp\/v2\/pages\/4006\/revisions"}],"predecessor-version":[{"id":6398,"href":"https:\/\/www.azurs.net\/carnet\/wp-json\/wp\/v2\/pages\/4006\/revisions\/6398"}],"wp:attachment":[{"href":"https:\/\/www.azurs.net\/carnet\/wp-json\/wp\/v2\/media?parent=4006"}],"curies":[{"name":"wp","href":"https:\/\/api.w.org\/{rel}","templated":true}]}}